{"id":97,"date":"2018-05-28T10:38:03","date_gmt":"2018-05-28T10:38:03","guid":{"rendered":"https:\/\/altri.al\/?page_id=97"},"modified":"2019-02-01T10:36:10","modified_gmt":"2019-02-01T10:36:10","slug":"institucionet","status":"publish","type":"page","link":"https:\/\/altri.al\/index.php\/institucionet\/","title":{"rendered":"Institucionet"},"content":{"rendered":"<div class=\"wpb-content-wrapper\"><p>[vc_row][vc_column width=&#8221;1\/4&#8243;][vc_single_image image=&#8221;100&#8243; img_size=&#8221;full&#8221; alignment=&#8221;center&#8221; style=&#8221;vc_box_outline&#8221; border_color=&#8221;green&#8221; image_hovers=&#8221;false&#8221;][vc_column_text css=&#8221;.vc_custom_1527503966695{margin-top: -20px !important;}&#8221;]<\/p>\n<p style=\"text-align: center;\"><span style=\"color: #000000;\">Ministria e Drejt\u00ebsis\u00eb<\/span><\/p>\n<p>[\/vc_column_text][\/vc_column][vc_column width=&#8221;1\/4&#8243;][vc_single_image image=&#8221;103&#8243; img_size=&#8221;full&#8221; alignment=&#8221;center&#8221; style=&#8221;vc_box_outline&#8221; border_color=&#8221;green&#8221; image_hovers=&#8221;false&#8221;][vc_column_text css=&#8221;.vc_custom_1527504074190{margin-top: -20px !important;}&#8221;]<\/p>\n<p style=\"text-align: center;\"><span style=\"color: #000000;\">Ministria e Arsimit dhe Sportit<\/span><\/p>\n<p>[\/vc_column_text][\/vc_column][vc_column width=&#8221;1\/4&#8243;][vc_single_image image=&#8221;104&#8243; img_size=&#8221;full&#8221; alignment=&#8221;center&#8221; style=&#8221;vc_box_outline&#8221; border_color=&#8221;green&#8221; image_hovers=&#8221;false&#8221;][vc_column_text css=&#8221;.vc_custom_1527504116094{margin-top: -20px !important;}&#8221;]<\/p>\n<p style=\"text-align: center;\"><span style=\"color: #000000;\">Ministria e Inovacionit dhe Administrat\u00ebs Publike<\/span><\/p>\n<p>[\/vc_column_text][\/vc_column][vc_column width=&#8221;1\/4&#8243;][vc_single_image image=&#8221;113&#8243; img_size=&#8221;full&#8221; alignment=&#8221;center&#8221; style=&#8221;vc_box_outline&#8221; border_color=&#8221;green&#8221; image_hovers=&#8221;false&#8221;][vc_column_text css=&#8221;.vc_custom_1527504156244{margin-top: -20px !important;}&#8221;]<\/p>\n<p style=\"text-align: center;\"><span style=\"color: #000000;\">Ministria e Mir\u00ebqenies Sociale dhe Rinis\u00eb<\/span><\/p>\n<p>[\/vc_column_text][\/vc_column][\/vc_row][vc_row][vc_column width=&#8221;1\/4&#8243;][vc_single_image image=&#8221;118&#8243; img_size=&#8221;full&#8221; alignment=&#8221;center&#8221; style=&#8221;vc_box_outline&#8221; border_color=&#8221;green&#8221; image_hovers=&#8221;false&#8221;][vc_column_text css=&#8221;.vc_custom_1527504208060{margin-top: -20px !important;}&#8221;]<\/p>\n<p style=\"text-align: center;\"><span style=\"color: #000000;\">Ministria e Zhvillimit Urban<\/span><\/p>\n<p>[\/vc_column_text][\/vc_column][vc_column width=&#8221;1\/4&#8243;][vc_single_image image=&#8221;110&#8243; img_size=&#8221;full&#8221; alignment=&#8221;center&#8221; style=&#8221;vc_box_outline&#8221; border_color=&#8221;green&#8221; image_hovers=&#8221;false&#8221;][vc_column_text css=&#8221;.vc_custom_1527504228543{margin-top: -20px !important;}&#8221;]<\/p>\n<p style=\"text-align: center;\"><span style=\"color: #000000;\">K\u00ebshilli i Lart\u00eb i Drejt\u00ebsis\u00eb<\/span><\/p>\n<p>[\/vc_column_text][\/vc_column][vc_column width=&#8221;1\/4&#8243;][vc_single_image image=&#8221;116&#8243; img_size=&#8221;full&#8221; alignment=&#8221;center&#8221; style=&#8221;vc_box_outline&#8221; border_color=&#8221;green&#8221; image_hovers=&#8221;false&#8221;][vc_column_text css=&#8221;.vc_custom_1527504253700{margin-top: -20px !important;}&#8221;]<\/p>\n<p style=\"text-align: center;\"><span style=\"color: #000000;\">Agjencia Kombetare e Planifikimit te Territorit<\/span><\/p>\n<p>[\/vc_column_text][\/vc_column][vc_column width=&#8221;1\/4&#8243;][vc_single_image image=&#8221;117&#8243; img_size=&#8221;full&#8221; alignment=&#8221;center&#8221; style=&#8221;vc_box_outline&#8221; border_color=&#8221;green&#8221; image_hovers=&#8221;false&#8221;][vc_column_text css=&#8221;.vc_custom_1527504284476{margin-top: -20px !important;}&#8221;]<\/p>\n<p style=\"text-align: center;\"><span style=\"color: #000000;\">Agjencia e Zhvillimit te Territorit<\/span><\/p>\n<p>[\/vc_column_text][\/vc_column][\/vc_row][vc_row][vc_column width=&#8221;1\/4&#8243;][vc_single_image image=&#8221;102&#8243; img_size=&#8221;full&#8221; alignment=&#8221;center&#8221; style=&#8221;vc_box_outline&#8221; border_color=&#8221;green&#8221; image_hovers=&#8221;false&#8221;][vc_column_text css=&#8221;.vc_custom_1527504315805{margin-top: -20px !important;}&#8221;]<\/p>\n<p style=\"text-align: center;\"><span style=\"color: #000000;\">Agjencia e Legalizimit Urbanizimit Integrimit te Zonave\/Ndertimeve Informale<\/span><\/p>\n<p>[\/vc_column_text][\/vc_column][vc_column width=&#8221;1\/4&#8243;][vc_single_image image=&#8221;106&#8243; img_size=&#8221;full&#8221; alignment=&#8221;center&#8221; style=&#8221;vc_box_outline&#8221; border_color=&#8221;green&#8221; image_hovers=&#8221;false&#8221;][vc_column_text css=&#8221;.vc_custom_1527504356821{margin-top: -20px !important;}&#8221;]<\/p>\n<p style=\"text-align: center;\"><span style=\"color: #000000;\">Komiteti Shteteror i Kulteve<\/span><\/p>\n<p>[\/vc_column_text][\/vc_column][vc_column width=&#8221;1\/4&#8243;][vc_single_image image=&#8221;107&#8243; img_size=&#8221;full&#8221; alignment=&#8221;center&#8221; style=&#8221;vc_box_outline&#8221; border_color=&#8221;green&#8221; image_hovers=&#8221;false&#8221;][vc_column_text css=&#8221;.vc_custom_1527504387710{margin-top: -20px !important;}&#8221;]<\/p>\n<p style=\"text-align: center;\"><span style=\"color: #000000;\">Kisha Ortodokse Autoqefale e Shqiperise<\/span><\/p>\n<p>[\/vc_column_text][\/vc_column][vc_column width=&#8221;1\/4&#8243;][vc_single_image image=&#8221;112&#8243; img_size=&#8221;full&#8221; alignment=&#8221;center&#8221; style=&#8221;vc_box_outline&#8221; border_color=&#8221;green&#8221; image_hovers=&#8221;false&#8221;][vc_column_text css=&#8221;.vc_custom_1527504409934{margin-top: -20px !important;}&#8221;]<\/p>\n<p style=\"text-align: center;\"><span style=\"color: #000000;\">Komuniteti Mysliman i Shqiperise<\/span><\/p>\n<p>[\/vc_column_text][\/vc_column][\/vc_row][vc_row][vc_column width=&#8221;1\/4&#8243;][vc_single_image image=&#8221;111&#8243; img_size=&#8221;full&#8221; alignment=&#8221;center&#8221; style=&#8221;vc_box_outline&#8221; border_color=&#8221;green&#8221; image_hovers=&#8221;false&#8221;][vc_column_text css=&#8221;.vc_custom_1527504440374{margin-top: -20px !important;}&#8221;]<\/p>\n<p style=\"text-align: center;\"><span style=\"color: #000000;\">Kryegjyshata Boterore Bektashiane<\/span><\/p>\n<p>[\/vc_column_text][\/vc_column][vc_column width=&#8221;1\/4&#8243;][vc_single_image image=&#8221;108&#8243; img_size=&#8221;full&#8221; alignment=&#8221;center&#8221; style=&#8221;vc_box_outline&#8221; border_color=&#8221;green&#8221; image_hovers=&#8221;false&#8221;][vc_column_text css=&#8221;.vc_custom_1527504469725{margin-top: -20px !important;}&#8221;]<\/p>\n<p style=\"text-align: center;\"><span style=\"color: #000000;\">Komisioneri p\u00ebr Mbrojtjen nga Diskriminimi<\/span><\/p>\n<p>[\/vc_column_text][\/vc_column][vc_column width=&#8221;1\/4&#8243;][vc_single_image image=&#8221;115&#8243; img_size=&#8221;full&#8221; alignment=&#8221;center&#8221; style=&#8221;vc_box_outline&#8221; border_color=&#8221;green&#8221; image_hovers=&#8221;false&#8221;][vc_column_text css=&#8221;.vc_custom_1527504491021{margin-top: -20px !important;}&#8221;]<\/p>\n<p style=\"text-align: center;\"><span style=\"color: #000000;\">Sh\u00ebrbimi Komb\u00ebtar i Pun\u00ebsimit<\/span><\/p>\n<p>[\/vc_column_text][\/vc_column][vc_column width=&#8221;1\/4&#8243;][vc_single_image image=&#8221;114&#8243; img_size=&#8221;full&#8221; alignment=&#8221;center&#8221; style=&#8221;vc_box_outline&#8221; border_color=&#8221;green&#8221; image_hovers=&#8221;false&#8221;][vc_column_text css=&#8221;.vc_custom_1527504512693{margin-top: -20px !important;}&#8221;]<\/p>\n<p style=\"text-align: center;\"><span style=\"color: #000000;\">Radio Televizioni Shqiptar<\/span><\/p>\n<p>[\/vc_column_text][\/vc_column][\/vc_row][vc_row][vc_column width=&#8221;1\/4&#8243;][vc_single_image image=&#8221;2327&#8243; img_size=&#8221;full&#8221; alignment=&#8221;center&#8221; style=&#8221;vc_box_outline&#8221; border_color=&#8221;green&#8221; image_hovers=&#8221;false&#8221;][vc_column_text css=&#8221;.vc_custom_1549017369594{margin-top: -20px !important;}&#8221;]<\/p>\n<p style=\"text-align: center;\"><span style=\"color: #000000;\">Avokati i Popullit<\/span><\/p>\n<p>[\/vc_column_text][\/vc_column][vc_column width=&#8221;1\/4&#8243;][\/vc_column][vc_column width=&#8221;1\/4&#8243;][\/vc_column][vc_column width=&#8221;1\/4&#8243;][\/vc_column][\/vc_row][vc_row][vc_column width=&#8221;1\/4&#8243;][\/vc_column][vc_column width=&#8221;1\/4&#8243;][vc_column_text]<\/p>\n<ul>\n<li><span style=\"color: #000000;\">Sht\u00ebpia e t\u00eb Moshuarve Tiran\u00eb<\/span><\/li>\n<li><span style=\"color: #000000;\">Gjykatat shqiptare<\/span><\/li>\n<li><span style=\"color: #000000;\">Universitetet<\/span><\/li>\n<li><span style=\"color: #000000;\">Dhomat e Avokatis\u00eb<\/span><\/li>\n<li><span style=\"color: #000000;\">Prokurorit\u00eb<\/span><\/li>\n<\/ul>\n<p>[\/vc_column_text][\/vc_column][vc_column width=&#8221;1\/4&#8243;][vc_column_text]<\/p>\n<ul>\n<li><span style=\"color: #000000;\">Nj\u00ebsit\u00eb e Qeverisjes Vendore<\/span><\/li>\n<li><span style=\"color: #000000;\">Drejtorit\u00eb Rajonale Arsimore<\/span><\/li>\n<li><span style=\"color: #000000;\">Media<\/span><\/li>\n<li><span style=\"color: #000000;\">Agjencia per Trajtimit e Pronave<\/span><\/li>\n<li><span style=\"color: #000000;\">Kisha Katolike e Shqiperise<\/span><\/li>\n<\/ul>\n<p>[\/vc_column_text][\/vc_column][vc_column width=&#8221;1\/4&#8243;][\/vc_column][\/vc_row]<\/p>\n<\/div>","protected":false},"excerpt":{"rendered":"<p>[vc_row][vc_column width=&#8221;1\/4&#8243;][vc_single_image image=&#8221;100&#8243; img_size=&#8221;full&#8221; alignment=&#8221;center&#8221; style=&#8221;vc_box_outline&#8221; border_color=&#8221;green&#8221; image_hovers=&#8221;false&#8221;][vc_column_text css=&#8221;.vc_custom_1527503966695{margin-top: -20px !important;}&#8221;] Ministria e Drejt\u00ebsis\u00eb [\/vc_column_text][\/vc_column][vc_column width=&#8221;1\/4&#8243;][vc_single_image image=&#8221;103&#8243; img_size=&#8221;full&#8221; alignment=&#8221;center&#8221; style=&#8221;vc_box_outline&#8221; border_color=&#8221;green&#8221; image_hovers=&#8221;false&#8221;][vc_column_text css=&#8221;.vc_custom_1527504074190{margin-top: -20px !important;}&#8221;] Ministria e Arsimit dhe Sportit [\/vc_column_text][\/vc_column][vc_column width=&#8221;1\/4&#8243;][vc_single_image image=&#8221;104&#8243; img_size=&#8221;full&#8221; alignment=&#8221;center&#8221; style=&#8221;vc_box_outline&#8221; border_color=&#8221;green&#8221; image_hovers=&#8221;false&#8221;][vc_column_text css=&#8221;.vc_custom_1527504116094{margin-top: -20px !important;}&#8221;] Ministria e Inovacionit dhe Administrat\u00ebs Publike [\/vc_column_text][\/vc_column][vc_column width=&#8221;1\/4&#8243;][vc_single_image image=&#8221;113&#8243; img_size=&#8221;full&#8221; alignment=&#8221;center&#8221; style=&#8221;vc_box_outline&#8221; border_color=&#8221;green&#8221; image_hovers=&#8221;false&#8221;][vc_column_text&hellip;<\/p>\n","protected":false},"author":3,"featured_media":0,"parent":0,"menu_order":0,"comment_status":"closed","ping_status":"closed","template":"","meta":{"footnotes":""},"class_list":["post-97","page","type-page","status-publish","hentry","description-off"],"_links":{"self":[{"href":"https:\/\/altri.al\/index.php\/wp-json\/wp\/v2\/pages\/97","targetHints":{"allow":["GET"]}}],"collection":[{"href":"https:\/\/altri.al\/index.php\/wp-json\/wp\/v2\/pages"}],"about":[{"href":"https:\/\/altri.al\/index.php\/wp-json\/wp\/v2\/types\/page"}],"author":[{"embeddable":true,"href":"https:\/\/altri.al\/index.php\/wp-json\/wp\/v2\/users\/3"}],"replies":[{"embeddable":true,"href":"https:\/\/altri.al\/index.php\/wp-json\/wp\/v2\/comments?post=97"}],"version-history":[{"count":5,"href":"https:\/\/altri.al\/index.php\/wp-json\/wp\/v2\/pages\/97\/revisions"}],"predecessor-version":[{"id":2345,"href":"https:\/\/altri.al\/index.php\/wp-json\/wp\/v2\/pages\/97\/revisions\/2345"}],"wp:attachment":[{"href":"https:\/\/altri.al\/index.php\/wp-json\/wp\/v2\/media?parent=97"}],"curies":[{"name":"wp","href":"https:\/\/api.w.org\/{rel}","templated":true}]}}