{"id":908,"date":"2018-05-30T15:03:08","date_gmt":"2018-05-30T15:03:08","guid":{"rendered":"https:\/\/altri.al\/index.php\/consultative-table\/"},"modified":"2018-06-04T13:41:42","modified_gmt":"2018-06-04T13:41:42","slug":"consultative-table","status":"publish","type":"page","link":"https:\/\/altri.al\/index.php\/consultative-table\/","title":{"rendered":"Tryez\u00eb Konsultuese"},"content":{"rendered":"<div class=\"wpb-content-wrapper\"><p>[vc_row css=&#8221;.vc_custom_1527692692579{border-right-width: 2px !important;border-bottom-width: 4px !important;border-right-color: rgba(237,237,237,0.19) !important;border-right-style: outset !important;border-bottom-color: rgba(237,237,237,0.19) !important;border-bottom-style: outset !important;border-radius: 4px !important;}&#8221;][vc_column][vc_column_text]<a href=\"\/index.php\/2018\/05\/30\/tryeze-konsultuese-shkoder\/\">Tryez\u00eb Konsultuese &#8211; Shkod\u00ebr<\/a><\/p>\n<p><a href=\"\/index.php\/2018\/05\/30\/tryeze-konsultuese-shkoder\/\">M\u00eb tep\u00ebr<\/a>[\/vc_column_text][\/vc_column][\/vc_row][vc_row css=&#8221;.vc_custom_1527692702289{border-right-width: 2px !important;border-bottom-width: 4px !important;border-right-color: rgba(237,237,237,0.19) !important;border-right-style: outset !important;border-bottom-color: rgba(237,237,237,0.19) !important;border-bottom-style: outset !important;border-radius: 4px !important;}&#8221;][vc_column][vc_column_text]<a href=\"\/index.php\/2018\/05\/30\/tryeze-konsultuese-durres\/\">Tryez\u00eb Konsultuese &#8211; Durr\u00ebs<\/a><\/p>\n<p><a href=\"\/index.php\/2018\/05\/30\/tryeze-konsultuese-durres\/\">M\u00eb tep\u00ebr<\/a>[\/vc_column_text][\/vc_column][\/vc_row][vc_row css=&#8221;.vc_custom_1527692702289{border-right-width: 2px !important;border-bottom-width: 4px !important;border-right-color: rgba(237,237,237,0.19) !important;border-right-style: outset !important;border-bottom-color: rgba(237,237,237,0.19) !important;border-bottom-style: outset !important;border-radius: 4px !important;}&#8221;][vc_column][vc_column_text]<a href=\"https:\/\/altri.al\/index.php\/2018\/06\/04\/tryeze-konsultuese-korce\/\">Tryez\u00eb Konsultuese &#8211; Korc\u00eb<\/a><\/p>\n<p><a href=\"https:\/\/altri.al\/index.php\/2018\/06\/04\/tryeze-konsultuese-korce\/\">M\u00eb tep\u00ebr<\/a>[\/vc_column_text][\/vc_column][\/vc_row][vc_row css=&#8221;.vc_custom_1527692702289{border-right-width: 2px !important;border-bottom-width: 4px !important;border-right-color: rgba(237,237,237,0.19) !important;border-right-style: outset !important;border-bottom-color: rgba(237,237,237,0.19) !important;border-bottom-style: outset !important;border-radius: 4px !important;}&#8221;][vc_column][vc_column_text]<a href=\"https:\/\/altri.al\/index.php\/2018\/06\/04\/tryeze-konsultuese-vlore\/\">Tryez\u00eb Konsultuese &#8211; Vlor\u00eb<\/a><\/p>\n<p><a href=\"https:\/\/altri.al\/index.php\/2018\/06\/04\/tryeze-konsultuese-vlore\/\">M\u00eb tep\u00ebr<\/a>[\/vc_column_text][\/vc_column][\/vc_row]<\/p>\n<\/div>","protected":false},"excerpt":{"rendered":"<p>[vc_row css=&#8221;.vc_custom_1527692692579{border-right-width: 2px !important;border-bottom-width: 4px !important;border-right-color: rgba(237,237,237,0.19) !important;border-right-style: outset !important;border-bottom-color: rgba(237,237,237,0.19) !important;border-bottom-style: outset !important;border-radius: 4px !important;}&#8221;][vc_column][vc_column_text]Tryez\u00eb Konsultuese &#8211; Shkod\u00ebr M\u00eb tep\u00ebr[\/vc_column_text][\/vc_column][\/vc_row][vc_row css=&#8221;.vc_custom_1527692702289{border-right-width: 2px !important;border-bottom-width: 4px !important;border-right-color: rgba(237,237,237,0.19) !important;border-right-style: outset !important;border-bottom-color: rgba(237,237,237,0.19) !important;border-bottom-style: outset !important;border-radius: 4px !important;}&#8221;][vc_column][vc_column_text]Tryez\u00eb Konsultuese &#8211; Durr\u00ebs M\u00eb tep\u00ebr[\/vc_column_text][\/vc_column][\/vc_row][vc_row css=&#8221;.vc_custom_1527692702289{border-right-width: 2px !important;border-bottom-width: 4px !important;border-right-color: rgba(237,237,237,0.19) !important;border-right-style: outset !important;border-bottom-color: rgba(237,237,237,0.19) !important;border-bottom-style: outset !important;border-radius: 4px&hellip;<\/p>\n","protected":false},"author":3,"featured_media":0,"parent":0,"menu_order":0,"comment_status":"closed","ping_status":"closed","template":"","meta":{"footnotes":""},"class_list":["post-908","page","type-page","status-publish","hentry","description-off"],"_links":{"self":[{"href":"https:\/\/altri.al\/index.php\/wp-json\/wp\/v2\/pages\/908","targetHints":{"allow":["GET"]}}],"collection":[{"href":"https:\/\/altri.al\/index.php\/wp-json\/wp\/v2\/pages"}],"about":[{"href":"https:\/\/altri.al\/index.php\/wp-json\/wp\/v2\/types\/page"}],"author":[{"embeddable":true,"href":"https:\/\/altri.al\/index.php\/wp-json\/wp\/v2\/users\/3"}],"replies":[{"embeddable":true,"href":"https:\/\/altri.al\/index.php\/wp-json\/wp\/v2\/comments?post=908"}],"version-history":[{"count":5,"href":"https:\/\/altri.al\/index.php\/wp-json\/wp\/v2\/pages\/908\/revisions"}],"predecessor-version":[{"id":1162,"href":"https:\/\/altri.al\/index.php\/wp-json\/wp\/v2\/pages\/908\/revisions\/1162"}],"wp:attachment":[{"href":"https:\/\/altri.al\/index.php\/wp-json\/wp\/v2\/media?parent=908"}],"curies":[{"name":"wp","href":"https:\/\/api.w.org\/{rel}","templated":true}]}}