{"id":842,"date":"2018-05-30T14:22:30","date_gmt":"2018-05-30T14:22:30","guid":{"rendered":"https:\/\/altri.al\/?page_id=842"},"modified":"2018-05-31T10:19:09","modified_gmt":"2018-05-31T10:19:09","slug":"dite-te-hapura-2","status":"publish","type":"page","link":"https:\/\/altri.al\/index.php\/dite-te-hapura-2\/","title":{"rendered":"Dit\u00eb t\u00eb Hapura"},"content":{"rendered":"<div class=\"wpb-content-wrapper\"><p>[vc_row css=&#8221;.vc_custom_1527690015882{border-right-width: 2px !important;border-bottom-width: 4px !important;border-right-color: rgba(237,237,237,0.19) !important;border-right-style: outset !important;border-bottom-color: rgba(237,237,237,0.19) !important;border-bottom-style: outset !important;border-radius: 4px !important;}&#8221;][vc_column][vc_column_text]<a href=\"\/index.php\/2018\/05\/31\/dite-e-hapur-gjirokaster\/\">Dit\u00eb e Hapur &#8211; Gjirokast\u00ebr<\/a><\/p>\n<p><a href=\"\/index.php\/2018\/05\/31\/dite-e-hapur-gjirokaster\/\">M\u00eb tep\u00ebr<\/a>[\/vc_column_text][\/vc_column][\/vc_row][vc_row css=&#8221;.vc_custom_1527690015882{border-right-width: 2px !important;border-bottom-width: 4px !important;border-right-color: rgba(237,237,237,0.19) !important;border-right-style: outset !important;border-bottom-color: rgba(237,237,237,0.19) !important;border-bottom-style: outset !important;border-radius: 4px !important;}&#8221;][vc_column][vc_column_text]<a href=\"\/index.php\/2018\/05\/31\/dite-e-hapur-berat\/\">Dit\u00eb e Hapur &#8211; Berat<\/a><\/p>\n<p><a href=\"\/index.php\/2018\/05\/31\/dite-e-hapur-berat\/\">M\u00eb tep\u00ebr<\/a>[\/vc_column_text][\/vc_column][\/vc_row][vc_row css=&#8221;.vc_custom_1527690015882{border-right-width: 2px !important;border-bottom-width: 4px !important;border-right-color: rgba(237,237,237,0.19) !important;border-right-style: outset !important;border-bottom-color: rgba(237,237,237,0.19) !important;border-bottom-style: outset !important;border-radius: 4px !important;}&#8221;][vc_column][vc_column_text]<a href=\"https:\/\/altri.al\/index.php\/2018\/05\/31\/dite-e-hapur-korce\/\">Dit\u00eb e Hapur Kor\u00e7\u00eb<\/a><\/p>\n<p><a href=\"\/index.php\/2018\/05\/31\/dite-e-hapur-korce\/\">M\u00eb tep\u00ebr<\/a>[\/vc_column_text][\/vc_column][\/vc_row][vc_row css=&#8221;.vc_custom_1527690015882{border-right-width: 2px !important;border-bottom-width: 4px !important;border-right-color: rgba(237,237,237,0.19) !important;border-right-style: outset !important;border-bottom-color: rgba(237,237,237,0.19) !important;border-bottom-style: outset !important;border-radius: 4px !important;}&#8221;][vc_column][vc_column_text]<\/p>\n<p style=\"text-align: left;\"><a href=\"\/index.php\/2018\/05\/31\/dite-e-hapur-vlore\/\">Dit\u00eb e Hapur Vlor\u00eb<\/a><\/p>\n<p><a href=\"\/index.php\/2018\/05\/31\/dite-e-hapur-vlore\/\">M\u00eb tep\u00ebr<\/a>[\/vc_column_text][\/vc_column][\/vc_row][vc_row css=&#8221;.vc_custom_1527690015882{border-right-width: 2px !important;border-bottom-width: 4px !important;border-right-color: rgba(237,237,237,0.19) !important;border-right-style: outset !important;border-bottom-color: rgba(237,237,237,0.19) !important;border-bottom-style: outset !important;border-radius: 4px !important;}&#8221;][vc_column][vc_column_text]<a href=\"\/index.php\/2018\/05\/30\/dite-e-hapur-shkoder\/\">Dit\u00eb e Hapur &#8211; Shkod\u00ebr<\/a><\/p>\n<p><a href=\"\/index.php\/2018\/05\/30\/dite-e-hapur-shkoder\/\">M\u00eb tep\u00ebr<\/a>[\/vc_column_text][\/vc_column][\/vc_row][vc_row css=&#8221;.vc_custom_1527690037532{border-right-width: 2px !important;border-bottom-width: 4px !important;border-right-color: rgba(237,237,237,0.19) !important;border-right-style: outset !important;border-bottom-color: rgba(237,237,237,0.19) !important;border-bottom-style: outset !important;border-radius: 4px !important;}&#8221;][vc_column][vc_column_text]<a href=\"\/index.php\/2018\/05\/30\/dite-e-hapur-durres\/\">Dit\u00eb e Hapur &#8211; Durr\u00ebs<\/a><\/p>\n<p><a href=\"\/index.php\/2018\/05\/30\/dite-e-hapur-durres\/\">M\u00eb tep\u00ebr<\/a>[\/vc_column_text][\/vc_column][\/vc_row][vc_row css=&#8221;.vc_custom_1527690061678{border-right-width: 2px !important;border-bottom-width: 4px !important;border-right-color: rgba(237,237,237,0.19) !important;border-right-style: outset !important;border-bottom-color: rgba(237,237,237,0.19) !important;border-bottom-style: outset !important;border-radius: 4px !important;}&#8221;][vc_column][vc_column_text]<\/p>\n<p style=\"text-align: left;\"><a href=\"\/index.php\/2018\/05\/30\/dite-e-hapur-diber\/\">Dit\u00eb e Hapur &#8211; Dib\u00ebr<\/a><\/p>\n<p><a href=\"\/index.php\/2018\/05\/30\/dite-e-hapur-diber\/\">M\u00eb tep\u00ebr<\/a>[\/vc_column_text][\/vc_column][\/vc_row][vc_row css=&#8221;.vc_custom_1527690082131{border-right-width: 2px !important;border-bottom-width: 4px !important;border-right-color: rgba(237,237,237,0.19) !important;border-right-style: outset !important;border-bottom-color: rgba(237,237,237,0.19) !important;border-bottom-style: outset !important;border-radius: 4px !important;}&#8221;][vc_column][vc_column_text]<a href=\"\/index.php\/2018\/05\/30\/dite-e-hapur-kukes\/\">Dit\u00eb e Hapur &#8211; Kuk\u00ebs<\/a><\/p>\n<p><a href=\"\/index.php\/2018\/05\/30\/dite-e-hapur-kukes\/\">M\u00eb tep\u00ebr<\/a>[\/vc_column_text][\/vc_column][\/vc_row][vc_row css=&#8221;.vc_custom_1527690102315{border-right-width: 2px !important;border-bottom-width: 4px !important;border-right-color: rgba(237,237,237,0.19) !important;border-right-style: outset !important;border-bottom-color: rgba(237,237,237,0.19) !important;border-bottom-style: outset !important;border-radius: 4px !important;}&#8221;][vc_column][vc_column_text]<a href=\"\/index.php\/2018\/05\/30\/dite-e-hapur-lezhe\/\">Dit\u00eb e Hapur &#8211; Lezh\u00eb<\/a><\/p>\n<p><a href=\"\/index.php\/2018\/05\/30\/dite-e-hapur-lezhe\/\">M\u00eb tep\u00ebr<\/a>[\/vc_column_text][\/vc_column][\/vc_row][vc_row css=&#8221;.vc_custom_1527690120268{border-right-width: 2px !important;border-bottom-width: 4px !important;border-right-color: rgba(237,237,237,0.19) !important;border-right-style: outset !important;border-bottom-color: rgba(237,237,237,0.19) !important;border-bottom-style: outset !important;border-radius: 4px !important;}&#8221;][vc_column][vc_column_text]<a href=\"\/index.php\/2018\/05\/30\/dite-e-hapur-lushnje\/\">Dit\u00eb e Hapur &#8211; Lushnje<\/a><\/p>\n<p><a href=\"\/index.php\/2018\/05\/30\/dite-e-hapur-lushnje\/\">M\u00eb tep\u00ebr<\/a>[\/vc_column_text][\/vc_column][\/vc_row][vc_row css=&#8221;.vc_custom_1527690134453{border-right-width: 2px !important;border-bottom-width: 4px !important;border-right-color: rgba(237,237,237,0.19) !important;border-right-style: outset !important;border-bottom-color: rgba(237,237,237,0.19) !important;border-bottom-style: outset !important;border-radius: 4px !important;}&#8221;][vc_column][vc_column_text]<a href=\"\/index.php\/2018\/05\/30\/dite-e-hapur-fier\/\">Dit\u00eb e Hapur &#8211; Fier<\/a><\/p>\n<p><a href=\"\/index.php\/2018\/05\/30\/dite-e-hapur-fier\/\">M\u00eb tep\u00ebr<\/a>[\/vc_column_text][\/vc_column][\/vc_row][vc_row css=&#8221;.vc_custom_1527690145646{border-right-width: 2px !important;border-bottom-width: 4px !important;border-right-color: rgba(237,237,237,0.19) !important;border-right-style: outset !important;border-bottom-color: rgba(237,237,237,0.19) !important;border-bottom-style: outset !important;border-radius: 4px !important;}&#8221;][vc_column][vc_column_text]<a href=\"\/index.php\/2018\/05\/30\/dite-e-hapur-lac\/\">Dit\u00eb e Hapur &#8211; La\u00e7<\/a><\/p>\n<p><a href=\"\/index.php\/2018\/05\/30\/dite-e-hapur-lac\/\">M\u00eb tep\u00ebr<\/a>[\/vc_column_text][\/vc_column][\/vc_row]<\/p>\n<\/div>","protected":false},"excerpt":{"rendered":"<p>[vc_row css=&#8221;.vc_custom_1527690015882{border-right-width: 2px !important;border-bottom-width: 4px !important;border-right-color: rgba(237,237,237,0.19) !important;border-right-style: outset !important;border-bottom-color: rgba(237,237,237,0.19) !important;border-bottom-style: outset !important;border-radius: 4px !important;}&#8221;][vc_column][vc_column_text]Dit\u00eb e Hapur &#8211; Gjirokast\u00ebr M\u00eb tep\u00ebr[\/vc_column_text][\/vc_column][\/vc_row][vc_row css=&#8221;.vc_custom_1527690015882{border-right-width: 2px !important;border-bottom-width: 4px !important;border-right-color: rgba(237,237,237,0.19) !important;border-right-style: outset !important;border-bottom-color: rgba(237,237,237,0.19) !important;border-bottom-style: outset !important;border-radius: 4px !important;}&#8221;][vc_column][vc_column_text]Dit\u00eb e Hapur &#8211; Berat M\u00eb tep\u00ebr[\/vc_column_text][\/vc_column][\/vc_row][vc_row css=&#8221;.vc_custom_1527690015882{border-right-width: 2px !important;border-bottom-width: 4px !important;border-right-color: rgba(237,237,237,0.19) !important;border-right-style: outset !important;border-bottom-color: rgba(237,237,237,0.19) !important;border-bottom-style: outset&hellip;<\/p>\n","protected":false},"author":3,"featured_media":0,"parent":0,"menu_order":0,"comment_status":"closed","ping_status":"closed","template":"","meta":{"footnotes":""},"class_list":["post-842","page","type-page","status-publish","hentry","description-off"],"_links":{"self":[{"href":"https:\/\/altri.al\/index.php\/wp-json\/wp\/v2\/pages\/842","targetHints":{"allow":["GET"]}}],"collection":[{"href":"https:\/\/altri.al\/index.php\/wp-json\/wp\/v2\/pages"}],"about":[{"href":"https:\/\/altri.al\/index.php\/wp-json\/wp\/v2\/types\/page"}],"author":[{"embeddable":true,"href":"https:\/\/altri.al\/index.php\/wp-json\/wp\/v2\/users\/3"}],"replies":[{"embeddable":true,"href":"https:\/\/altri.al\/index.php\/wp-json\/wp\/v2\/comments?post=842"}],"version-history":[{"count":11,"href":"https:\/\/altri.al\/index.php\/wp-json\/wp\/v2\/pages\/842\/revisions"}],"predecessor-version":[{"id":853,"href":"https:\/\/altri.al\/index.php\/wp-json\/wp\/v2\/pages\/842\/revisions\/853"}],"wp:attachment":[{"href":"https:\/\/altri.al\/index.php\/wp-json\/wp\/v2\/media?parent=842"}],"curies":[{"name":"wp","href":"https:\/\/api.w.org\/{rel}","templated":true}]}}