{"id":69,"date":"2018-05-28T10:23:27","date_gmt":"2018-05-28T10:23:27","guid":{"rendered":"https:\/\/altri.al\/?page_id=69"},"modified":"2018-10-19T13:12:45","modified_gmt":"2018-10-19T13:12:45","slug":"organizimi","status":"publish","type":"page","link":"https:\/\/altri.al\/index.php\/organizimi\/","title":{"rendered":"Organizimi"},"content":{"rendered":"<div class=\"wpb-content-wrapper\"><p>[vc_row][vc_column width=&#8221;1\/2&#8243;][vc_single_image image=&#8221;71&#8243; img_size=&#8221;full&#8221; alignment=&#8221;center&#8221; style=&#8221;vc_box_outline&#8221; border_color=&#8221;green&#8221; image_hovers=&#8221;false&#8221;][\/vc_column][vc_column width=&#8221;1\/2&#8243;][vc_column_text]<\/p>\n<p style=\"text-align: justify;\"><span style=\"color: #000000;\">Organizimi dhe organet drejtuese t\u00eb Qendr\u00ebs A.L.T.R.I jan\u00eb:<\/span><\/p>\n<ol style=\"text-align: justify;\">\n<li><span style=\"color: #000000;\">a) Bordi Drejtues;<\/span><\/li>\n<li><span style=\"color: #000000;\">b) Drejtori Ekzekutiv.<\/span><\/li>\n<\/ol>\n<p style=\"text-align: justify;\">Organi m\u00eb i lart\u00eb ekzekutiv i Qendr\u00ebs \u00ebsht\u00eb Bordi Drejtues i cili zgjedh Drejtorin Ekzekutiv p\u00ebr nj\u00eb mandat 4 (kat\u00ebr) vje\u00e7ar me t\u00eb drejt\u00eb rimandatimi.<\/p>\n<p style=\"text-align: justify;\"><span style=\"color: #000000;\">Qendra A.L.T.R.I drejtohet nga <strong>Znj. Eda Nocka, Drejtore Ekzekutive e Qendr\u00ebs,<\/strong> e cila ka nj\u00eb eksperienc\u00eb t\u00eb gjat\u00eb e t\u00eb pasur n\u00eb sektorin publik edhe at\u00eb privat. Q\u00eb prej vitit 2009 ajo \u00ebsht\u00eb angazhuar dhe \u00ebsht\u00eb pjes\u00eb aktive e shoq\u00ebris\u00eb civile n\u00ebp\u00ebrmjet zbatimit t\u00eb nj\u00eb s\u00ebr\u00eb iniciativash.<\/span><\/p>\n<p style=\"text-align: justify;\"><span style=\"color: #000000;\">Me q\u00ebllim organizimin sa me efikas t\u00eb pun\u00ebs n\u00eb ndarjen dhe trajtimin e \u00e7\u00ebshtjeve t\u00eb ndryshme, Qendra A.L.T.R.I, duke u nisur edhe nga eksperienca dhe specializimi jurist\u00ebve dhe ekspert\u00ebve t\u00eb saj, \u00ebsht\u00eb organizuar n\u00eb tre Nj\u00ebsi.<\/span><\/p>\n<p>[\/vc_column_text][\/vc_column][\/vc_row][vc_row][vc_column][vc_column_text]<\/p>\n<p style=\"text-align: justify;\"><span style=\"color: #000000;\"><strong>Nj\u00ebsia e hartimit t\u00eb akteve dhe asistenc\u00ebs juridike,<\/strong> jurist\u00ebt e k\u00ebsaj nj\u00ebsie duke u bazuar n\u00eb kapacitetet e tyre profesionale dhe n\u00eb eksperienc\u00ebn e tyre fokusohen n\u00eb hartimin e legjislacionit, dokumenteve t\u00eb politikave, raporteve etj. Gjithashtu, ata p\u00ebrfshihen n\u00eb \u00e7do aktivitet ku nd\u00ebrhyrjet n\u00eb legjislacion jan\u00eb nj\u00eb faz\u00eb e domosdoshme dhe\/ose shum\u00eb e r\u00ebnd\u00ebsishme p\u00ebr mbar\u00ebvajtjen dhe realizimit t\u00eb q\u00ebllimit\/objektivit n\u00eb fjal\u00eb.<\/span><\/p>\n<p style=\"text-align: justify;\"><span style=\"color: #000000;\"><strong>Nj\u00ebsia e zbatimit t\u00eb projekteve,<\/strong> kjo nj\u00ebsi bashk\u00ebpunon ngusht\u00eb me at\u00eb t\u00eb hartimit dhe asistenc\u00ebs juridike. Ekspertet e k\u00ebtij sektori sigurojn\u00eb realizimin e aktiviteteve zbatuese n\u00eb kuad\u00ebr t\u00eb nj\u00eb projekti si psh (p\u00ebrgatitja e materialeve p\u00ebr konferenca, trajnime, pjes\u00ebmarrje n\u00eb fushata sensibilizuese, pjes\u00ebmarrje n\u00eb takime t\u00eb grupeve t\u00eb pun\u00ebs, mbajtja e procesverbaleve t\u00eb mbledhjeve etj).<\/span><\/p>\n<p style=\"text-align: justify;\"><span style=\"color: #000000;\"><strong>Nj\u00ebsia ekonomike,<\/strong> e cila p\u00ebrb\u00ebhet nga financieri i Qendr\u00ebs dhe \u00ebsht\u00eb p\u00ebrgjegj\u00ebse p\u00ebr realizimin e t\u00eb gjitha veprimeve ekonomike dhe financiare t\u00eb Qendr\u00ebs.<\/span><\/p>\n<p>[\/vc_column_text][\/vc_column][\/vc_row]<\/p>\n<\/div>","protected":false},"excerpt":{"rendered":"<p>[vc_row][vc_column width=&#8221;1\/2&#8243;][vc_single_image image=&#8221;71&#8243; img_size=&#8221;full&#8221; alignment=&#8221;center&#8221; style=&#8221;vc_box_outline&#8221; border_color=&#8221;green&#8221; image_hovers=&#8221;false&#8221;][\/vc_column][vc_column width=&#8221;1\/2&#8243;][vc_column_text] Organizimi dhe organet drejtuese t\u00eb Qendr\u00ebs A.L.T.R.I jan\u00eb: a) Bordi Drejtues; b) Drejtori Ekzekutiv. Organi m\u00eb i lart\u00eb ekzekutiv i Qendr\u00ebs \u00ebsht\u00eb Bordi Drejtues i cili zgjedh Drejtorin Ekzekutiv p\u00ebr nj\u00eb mandat 4 (kat\u00ebr) vje\u00e7ar me t\u00eb drejt\u00eb rimandatimi. Qendra A.L.T.R.I drejtohet nga Znj. Eda Nocka,&hellip;<\/p>\n","protected":false},"author":3,"featured_media":0,"parent":0,"menu_order":0,"comment_status":"closed","ping_status":"closed","template":"","meta":{"footnotes":""},"class_list":["post-69","page","type-page","status-publish","hentry","description-off"],"_links":{"self":[{"href":"https:\/\/altri.al\/index.php\/wp-json\/wp\/v2\/pages\/69","targetHints":{"allow":["GET"]}}],"collection":[{"href":"https:\/\/altri.al\/index.php\/wp-json\/wp\/v2\/pages"}],"about":[{"href":"https:\/\/altri.al\/index.php\/wp-json\/wp\/v2\/types\/page"}],"author":[{"embeddable":true,"href":"https:\/\/altri.al\/index.php\/wp-json\/wp\/v2\/users\/3"}],"replies":[{"embeddable":true,"href":"https:\/\/altri.al\/index.php\/wp-json\/wp\/v2\/comments?post=69"}],"version-history":[{"count":5,"href":"https:\/\/altri.al\/index.php\/wp-json\/wp\/v2\/pages\/69\/revisions"}],"predecessor-version":[{"id":1700,"href":"https:\/\/altri.al\/index.php\/wp-json\/wp\/v2\/pages\/69\/revisions\/1700"}],"wp:attachment":[{"href":"https:\/\/altri.al\/index.php\/wp-json\/wp\/v2\/media?parent=69"}],"curies":[{"name":"wp","href":"https:\/\/api.w.org\/{rel}","templated":true}]}}