{"id":56,"date":"2018-05-28T10:17:50","date_gmt":"2018-05-28T10:17:50","guid":{"rendered":"https:\/\/altri.al\/?page_id=56"},"modified":"2020-08-21T08:02:33","modified_gmt":"2020-08-21T08:02:33","slug":"misioni","status":"publish","type":"page","link":"https:\/\/altri.al\/index.php\/misioni\/","title":{"rendered":"Misioni"},"content":{"rendered":"<div class=\"wpb-content-wrapper\"><p>[vc_row][vc_column width=&#8221;1\/2&#8243;][vc_single_image image=&#8221;59&#8243; img_size=&#8221;full&#8221; alignment=&#8221;center&#8221; image_hovers=&#8221;false&#8221;][\/vc_column][vc_column width=&#8221;1\/2&#8243;][vc_column_text]<\/p>\n<h4 style=\"text-align: center;\"><span style=\"color: #2d7f30;\"><strong>Misioni<\/strong><\/span><\/h4>\n<p style=\"text-align: justify;\"><span style=\"color: #000000;\">Misioni i Qendr\u00ebs ALTRI \u00ebsht\u00eb kontribuimi p\u00ebr mir\u00ebfunksionimin e shtetit t\u00eb s\u00eb drejt\u00ebs dhe respektimin e t\u00eb drejtave dhe lirive t\u00eb njeriut, p\u00ebrmes pun\u00ebs k\u00ebrkimore, aktiviteteve advokuese, fushatave nd\u00ebrgjegj\u00ebsuese dhe studimeve.<\/span><\/p>\n<p>&nbsp;<\/p>\n<h4 style=\"text-align: center;\"><span style=\"color: #2d7f30;\"><strong>Objekti i veprimtaris\u00eb<\/strong><\/span><\/h4>\n<p style=\"text-align: justify;\"><span style=\"color: #000000;\">Qendra A.L.T.R.I. \u00ebsht\u00eb nj\u00eb organizat\u00eb me karakter k\u00ebrkimor, profesional, kulturor, e pavarur, joqeveritare dhe jopolitike. A.L.T.R.I \u00ebsht\u00eb nj\u00eb organizat\u00eb jo-fitimprur\u00ebse n\u00eb form\u00ebn e Qendr\u00ebs, themeluar n\u00eb vitin 2011. Qendra vepron n\u00eb baz\u00eb t\u00eb ligjit Nr. 8788, dat\u00eb 07.05.2001 \u201cP\u00ebr organizatat jofitimprur\u00ebse\u201d,\u00a0 dhe \u00ebsht\u00eb regjistruar n\u00eb Regjistrin e Organizatave Jo-Fitimprur\u00ebse pran\u00eb Gjykat\u00ebs s\u00eb Shkall\u00ebs s\u00eb Par\u00eb Tiran\u00eb me Vendimin nr.705 ,dat\u00eb 16. 12.2011. Sipas statutit dhe aktit t\u00eb themelimit t\u00eb ALTRI, Qendra gjat\u00eb ushtrimit t\u00eb veprimtaris\u00eb s\u00eb saj k\u00ebrkon t\u00eb arrij\u00eb q\u00ebllimet e m\u00ebposhtme:<\/span><\/p>\n<p>[\/vc_column_text][\/vc_column][\/vc_row][vc_row][vc_column]<div class=\"standard-arrow bullet-top\"><ul>\n<li><span style=\"color: #000000;\">K\u00ebrkimi, studimi, sensibilizimi, advokimi dhe lobimi p\u00ebr \u00e7\u00ebshtje ligjore dhe territoriale;<\/span><\/li>\n<li><span style=\"color: #000000;\">Mb\u00ebshtetja e procesit legjislativ dhe hartimi i legjislacionit<\/span><\/li>\n<li><span style=\"color: #000000;\">K\u00ebrkimi, studimi, sensibilizimi, advokimi, lobimi dhe hartimi i legjislacionit n\u00eb \u00e7\u00ebshtje q\u00eb lidhen me mir\u00ebqeverisjen, shtetin e s\u00eb drejt\u00ebs, e-Goverment, decentralizimin, transparenc\u00ebn, integrimin, luft\u00ebn kund\u00ebr korrupsionit, llogaridh\u00ebnien e p\u00ebrgjegjshm\u00ebrin\u00eb e autoriteteve publike dhe t\u00eb gjyq\u00ebsorit;<\/span><\/li>\n<li><span style=\"color: #000000;\">Luajtja e nj\u00eb roli nd\u00ebrmjet\u00ebsues midis autoriteteve publike edhe publikut\u00a0 me q\u00ebllim adresimin e nevojave t\u00eb publikut dhe rritjes s\u00eb besimit tek zyrtar\u00ebt publik\u00eb;<\/span><\/li>\n<li><span style=\"color: #000000;\">T\u00eb sh\u00ebrbej\u00eb si nj\u00eb z\u00eb i informuar dhe i pavarur n\u00eb debatet mbi politikat p\u00ebr \u00e7\u00ebshtje t\u00eb ndryshme ligjore e territoriale;<\/span><\/li>\n<li><span style=\"color: #000000;\">Identifikimi, artikulimi dhe vler\u00ebsimi i \u00e7\u00ebshtjeve aktuale q\u00eb lidhen me politika, propozime dhe programe n\u00eb fush\u00ebn ligjore dhe territoriale;<\/span><\/li>\n<li><span style=\"color: #000000;\">Transformimi i ideve dhe problemeve emergjente n\u00eb orientues politikash dhe n\u00eb politika konkrete;<\/span><\/li>\n<li><span style=\"color: #000000;\">Interpretimi i \u00e7\u00ebshtjeve, eventeve, politikave p\u00ebr median elektronike dhe at\u00eb t\u00eb shkruar duke leht\u00ebsuar t\u00eb kuptuarit nga publiku t\u00eb \u00e7\u00ebshtjeve ligjore dhe territoriale, me p\u00ebrmasa t\u00eb brendshme, evropiane dhe nd\u00ebrkomb\u00ebtare;<\/span><\/li>\n<li><span style=\"color: #000000;\">Nxitja dhe krijimi i forumeve konstruktive p\u00ebr shk\u00ebmbimin e ideve dhe informacionit midis aktor\u00ebve kryesor\u00eb dhe grupeve t\u00eb interesit n\u00eb procesin e formulimit t\u00eb politikave n\u00eb \u00e7\u00ebshtjet ligjore dhe territoriale;<\/span><\/li>\n<li><span style=\"color: #000000;\">Leht\u00ebsimi dhe krijimi i rrjeteve specifike sipas \u00e7\u00ebshtjeve (issue networks) p\u00ebrmes strategjive gjith\u00ebp\u00ebrfshir\u00ebse n\u00eb funksion t\u00eb mobilizimit civil p\u00ebr \u00e7\u00ebshtje sensitive ligjore e territoriale;<\/span><\/li>\n<li><span style=\"color: #000000;\">P\u00ebrfshirja n\u00eb procesin legjislativ si nj\u00eb z\u00eb i pavarur dhe i paansh\u00ebm, i orientuar nga interesat e komunitetit dhe t\u00eb grupeve vulnerab\u00ebl, si dhe lobimi n\u00eb interes t\u00eb tyre;<\/span><\/li>\n<li><span style=\"color: #000000;\">Kryerja e k\u00ebrkimeve, studimeve dhe analizave q\u00eb lidhen me \u00e7\u00ebshtje t\u00eb politikave publike, me nevojat p\u00ebr nd\u00ebrhyrje legjislative n\u00eb fusha t\u00eb ndryshme, me p\u00ebrafrimin e legjislacionit me acquis communautaire dhe p\u00ebrqasjen me standardet nd\u00ebrkomb\u00ebtare;<\/span><\/li>\n<li><span style=\"color: #000000;\">P\u00ebrfaq\u00ebsimi i \u00e7\u00ebshtjeve, interesave apo k\u00ebndv\u00ebshtrimeve specifike dhe p\u00ebrpjekja p\u00ebr influencimin e politikave, praktikave dhe qasjeve t\u00eb autoriteteve publike dhe aktor\u00ebve t\u00eb tjer\u00eb si media dhe publiku i gjer\u00eb.<\/span><\/li>\n<li><span style=\"color: #000000;\">Zhvillimi, monitorimi dhe zbatimi i projekteve, programeve ose sh\u00ebrbimeve n\u00eb fush\u00ebn ligjore dhe\/ose territoriale.<\/span><\/li>\n<li><span style=\"color: #000000;\">Ofrimi i ekspertiz\u00ebs dhe lobimit n\u00eb lidhje me \u00e7\u00ebshtje t\u00eb posa\u00e7me me natyr\u00eb ligjore dhe\/ose territoriale.<\/span><\/li>\n<li><span style=\"color: #000000;\">Bashk\u00ebpunimi me organizata t\u00eb tjera n\u00eb veprimtari sensibilizuese, si dhe mb\u00ebshtetja e tyre, kur \u00ebsht\u00eb rasti, me trajnime e aktivitete p\u00ebr ngritje kapacitetesh.<\/span><\/li>\n<li><u>Ofrimi i ndihm\u00ebs ligjore par\u00ebsore dhe dyt\u00ebsore me q\u00ebllim sigurimin e aksesit t\u00eb barabart\u00eb\u00a0\u00a0 t\u00eb t\u00eb gjith\u00eb individ\u00ebve n\u00eb sistemin e drejt\u00ebsis\u00eb.<\/u><\/li>\n<li>Zhvillimi, monitorimi dhe zbatimi i projekteve, programeve ose sh\u00ebrbimeve n\u00eb fush\u00ebn e mbrojtjes t\u00eb t\u00eb drejtave t\u00eb f\u00ebmij\u00ebve;<\/li>\n<li>Zhvillimi, monitorimi dhe zbatimi i projekteve, programeve ose sh\u00ebrbimeve me fokus t\u00eb ve\u00e7ant\u00eb grupet vulnerab\u00ebl<\/li>\n<li>Zhvillimi, monitorimi dhe zbatimi i projekteve, programeve ose sh\u00ebrbimeve me fokus t\u00eb ve\u00e7ant\u00eb n\u00eb edukimin ligjor t\u00eb publikut.<\/li>\n<\/ul>\n<\/div>[\/vc_column][\/vc_row]<\/p>\n<\/div>","protected":false},"excerpt":{"rendered":"<p>[vc_row][vc_column width=&#8221;1\/2&#8243;][vc_single_image image=&#8221;59&#8243; img_size=&#8221;full&#8221; alignment=&#8221;center&#8221; image_hovers=&#8221;false&#8221;][\/vc_column][vc_column width=&#8221;1\/2&#8243;][vc_column_text] Misioni Misioni i Qendr\u00ebs ALTRI \u00ebsht\u00eb kontribuimi p\u00ebr mir\u00ebfunksionimin e shtetit t\u00eb s\u00eb drejt\u00ebs dhe respektimin e t\u00eb drejtave dhe lirive t\u00eb njeriut, p\u00ebrmes pun\u00ebs k\u00ebrkimore, aktiviteteve advokuese, fushatave nd\u00ebrgjegj\u00ebsuese dhe studimeve. &nbsp; Objekti i veprimtaris\u00eb Qendra A.L.T.R.I. \u00ebsht\u00eb nj\u00eb organizat\u00eb me karakter k\u00ebrkimor, profesional, kulturor, e pavarur,&hellip;<\/p>\n","protected":false},"author":3,"featured_media":0,"parent":0,"menu_order":0,"comment_status":"closed","ping_status":"closed","template":"","meta":{"footnotes":""},"class_list":["post-56","page","type-page","status-publish","hentry","description-off"],"_links":{"self":[{"href":"https:\/\/altri.al\/index.php\/wp-json\/wp\/v2\/pages\/56","targetHints":{"allow":["GET"]}}],"collection":[{"href":"https:\/\/altri.al\/index.php\/wp-json\/wp\/v2\/pages"}],"about":[{"href":"https:\/\/altri.al\/index.php\/wp-json\/wp\/v2\/types\/page"}],"author":[{"embeddable":true,"href":"https:\/\/altri.al\/index.php\/wp-json\/wp\/v2\/users\/3"}],"replies":[{"embeddable":true,"href":"https:\/\/altri.al\/index.php\/wp-json\/wp\/v2\/comments?post=56"}],"version-history":[{"count":11,"href":"https:\/\/altri.al\/index.php\/wp-json\/wp\/v2\/pages\/56\/revisions"}],"predecessor-version":[{"id":75,"href":"https:\/\/altri.al\/index.php\/wp-json\/wp\/v2\/pages\/56\/revisions\/75"}],"wp:attachment":[{"href":"https:\/\/altri.al\/index.php\/wp-json\/wp\/v2\/media?parent=56"}],"curies":[{"name":"wp","href":"https:\/\/api.w.org\/{rel}","templated":true}]}}