{"id":474,"date":"2018-05-29T13:01:11","date_gmt":"2018-05-29T13:01:11","guid":{"rendered":"https:\/\/altri.al\/?page_id=474"},"modified":"2018-05-29T13:01:11","modified_gmt":"2018-05-29T13:01:11","slug":"sistemi-dixhital-audio-profesioniste-te-se-drejtes","status":"publish","type":"page","link":"https:\/\/altri.al\/index.php\/sistemi-dixhital-audio-profesioniste-te-se-drejtes\/","title":{"rendered":"SISTEMI DIXHITAL AUDIO-PROFESIONIST\u00cb T\u00cb S\u00cb DREJT\u00cbS"},"content":{"rendered":"<div class=\"wpb-content-wrapper\"><p>[vc_row][vc_column width=&#8221;1\/12&#8243;][\/vc_column][vc_column width=&#8221;11\/12&#8243;][vc_column_text]<iframe style=\"width: 1000px; height: 708px;\" src=\"\/\/e.issuu.com\/embed.html#33581623\/61826537\" frameborder=\"0\" allowfullscreen=\"allowfullscreen\"><\/iframe>[\/vc_column_text][\/vc_column][\/vc_row]<\/p>\n<\/div>","protected":false},"excerpt":{"rendered":"<p>[vc_row][vc_column width=&#8221;1\/12&#8243;][\/vc_column][vc_column width=&#8221;11\/12&#8243;][vc_column_text][\/vc_column_text][\/vc_column][\/vc_row]<\/p>\n","protected":false},"author":3,"featured_media":0,"parent":0,"menu_order":0,"comment_status":"closed","ping_status":"closed","template":"","meta":{"footnotes":""},"class_list":["post-474","page","type-page","status-publish","hentry","description-off"],"_links":{"self":[{"href":"https:\/\/altri.al\/index.php\/wp-json\/wp\/v2\/pages\/474","targetHints":{"allow":["GET"]}}],"collection":[{"href":"https:\/\/altri.al\/index.php\/wp-json\/wp\/v2\/pages"}],"about":[{"href":"https:\/\/altri.al\/index.php\/wp-json\/wp\/v2\/types\/page"}],"author":[{"embeddable":true,"href":"https:\/\/altri.al\/index.php\/wp-json\/wp\/v2\/users\/3"}],"replies":[{"embeddable":true,"href":"https:\/\/altri.al\/index.php\/wp-json\/wp\/v2\/comments?post=474"}],"version-history":[{"count":2,"href":"https:\/\/altri.al\/index.php\/wp-json\/wp\/v2\/pages\/474\/revisions"}],"predecessor-version":[{"id":476,"href":"https:\/\/altri.al\/index.php\/wp-json\/wp\/v2\/pages\/474\/revisions\/476"}],"wp:attachment":[{"href":"https:\/\/altri.al\/index.php\/wp-json\/wp\/v2\/media?parent=474"}],"curies":[{"name":"wp","href":"https:\/\/api.w.org\/{rel}","templated":true}]}}