{"id":4573,"date":"2024-02-08T16:16:16","date_gmt":"2024-02-08T16:16:16","guid":{"rendered":"https:\/\/altri.al\/?page_id=4573"},"modified":"2025-12-17T16:38:37","modified_gmt":"2025-12-17T16:38:37","slug":"artikuj","status":"publish","type":"page","link":"https:\/\/altri.al\/index.php\/artikuj\/","title":{"rendered":"Artikuj"},"content":{"rendered":"<div class=\"wpb-content-wrapper\"><p>[vc_row][vc_column width=&#8221;1\/3&#8243; offset=&#8221;vc_hidden-lg vc_hidden-md vc_hidden-sm vc_hidden-xs&#8221;][vc_single_image image=&#8221;4711&#8243; img_size=&#8221;full&#8221; alignment=&#8221;center&#8221; style=&#8221;vc_box_outline&#8221; border_color=&#8221;green&#8221; onclick=&#8221;custom_link&#8221; image_hovers=&#8221;false&#8221; link=&#8221;\/wp-content\/uploads\/2024\/11\/Artikull-nga-Kamila-Seidolli.pdf&#8221;][vc_column_text css=&#8221;.vc_custom_1732701945901{margin-top: -25px !important;}&#8221;]<\/p>\n<p style=\"text-align: center;\"><a href=\"\/wp-content\/uploads\/2024\/11\/Artikull-nga-Kamila-Seidolli.pdf\"><span style=\"color: #2d7f30;\"><strong>Korrupsioni n\u00eb Arsim: Nj\u00eb s\u00ebmundje patogjene p\u00ebr shoq\u00ebrin\u00eb<\/strong><\/span><\/a><\/p>\n<div id=\"gtx-trans\" style=\"position: absolute; left: 562px; top: 29px;\">\n<div class=\"gtx-trans-icon\"><\/div>\n<\/div>\n<p>[\/vc_column_text][\/vc_column][vc_column width=&#8221;1\/3&#8243; offset=&#8221;vc_hidden-lg vc_hidden-md vc_hidden-sm vc_hidden-xs&#8221;][vc_single_image image=&#8221;4718&#8243; img_size=&#8221;full&#8221; alignment=&#8221;center&#8221; style=&#8221;vc_box_outline&#8221; border_color=&#8221;green&#8221; onclick=&#8221;custom_link&#8221; image_hovers=&#8221;false&#8221; link=&#8221;https:\/\/altri.al\/wp-content\/uploads\/2024\/11\/Artikull-nga-Klea-Vujoshi.pdf&#8221;][vc_column_text css=&#8221;.vc_custom_1732701961677{margin-top: -25px !important;}&#8221;]<\/p>\n<p style=\"text-align: center;\"><a href=\"https:\/\/altri.al\/wp-content\/uploads\/2024\/11\/Artikull-nga-Klea-Vujoshi.pdf\"><span style=\"color: #2d7f30;\"><strong>Arsimi i lart\u00eb n\u00ebn hijen e korrupsionit<\/strong><\/span><\/a><\/p>\n<div id=\"gtx-trans\" style=\"position: absolute; left: 306px; top: -16px;\">\n<div class=\"gtx-trans-icon\"><\/div>\n<\/div>\n<p>[\/vc_column_text][\/vc_column][vc_column width=&#8221;1\/3&#8243; offset=&#8221;vc_hidden-lg vc_hidden-md vc_hidden-sm vc_hidden-xs&#8221;][vc_single_image image=&#8221;4722&#8243; img_size=&#8221;full&#8221; alignment=&#8221;center&#8221; style=&#8221;vc_box_outline&#8221; border_color=&#8221;green&#8221; onclick=&#8221;custom_link&#8221; image_hovers=&#8221;false&#8221; link=&#8221;https:\/\/altri.al\/wp-content\/uploads\/2024\/11\/Artikull-nga-Subian-Dalani.pdf&#8221;][vc_column_text css=&#8221;.vc_custom_1732702051205{margin-top: -25px !important;}&#8221;]<\/p>\n<p style=\"text-align: center;\"><a href=\"https:\/\/altri.al\/wp-content\/uploads\/2024\/11\/Artikull-nga-Subian-Dalani.pdf\"><span style=\"color: #2d7f30;\"><strong>Korrupsioni n\u00eb Doktoraturat e Universitetit t\u00eb Tiran\u00ebs \u2013 Analiza e Problemit dhe Rekomandime p\u00ebr Zgjidhje.<\/strong><\/span><\/a><\/p>\n<div id=\"gtx-trans\" style=\"position: absolute; left: 289px; top: -16px;\">\n<div class=\"gtx-trans-icon\"><\/div>\n<\/div>\n<p>[\/vc_column_text][\/vc_column][\/vc_row][vc_row][vc_column width=&#8221;1\/3&#8243;][vc_single_image image=&#8221;4876&#8243; img_size=&#8221;full&#8221; alignment=&#8221;center&#8221; style=&#8221;vc_box_outline&#8221; border_color=&#8221;green&#8221; onclick=&#8221;custom_link&#8221; css=&#8221;&#8221; image_hovers=&#8221;false&#8221; link=&#8221;https:\/\/altri.al\/wp-content\/uploads\/2025\/12\/Artikull-studenti-Alma-Shpati.pdf&#8221;][vc_column_text css=&#8221;.vc_custom_1765989440126{margin-top: -25px !important;}&#8221;]<\/p>\n<p style=\"text-align: center;\"><a href=\"https:\/\/altri.al\/wp-content\/uploads\/2025\/12\/Artikull-studenti-Alma-Shpati.pdf\"><span style=\"color: #2d7f30;\"><b>Rendesia e Integritetit Akadamik dhe Meritokracise<\/b><\/span><\/a><\/p>\n<p>[\/vc_column_text][\/vc_column][vc_column width=&#8221;1\/3&#8243;][vc_single_image image=&#8221;4884&#8243; img_size=&#8221;809&#215;1035&#8243; alignment=&#8221;center&#8221; style=&#8221;vc_box_outline&#8221; border_color=&#8221;green&#8221; onclick=&#8221;custom_link&#8221; css=&#8221;&#8221; image_hovers=&#8221;false&#8221; link=&#8221;https:\/\/altri.al\/wp-content\/uploads\/2025\/12\/Artikull-studenti-Kamila-Seidolli-1.pdf&#8221;][vc_column_text css=&#8221;.vc_custom_1765989044842{margin-top: -25px !important;}&#8221;]<\/p>\n<p style=\"text-align: center;\"><a href=\"https:\/\/altri.al\/wp-content\/uploads\/2025\/12\/Artikull-studenti-Kamila-Seidolli-1.pdf\"><span style=\"color: #2d7f30;\"><b>Korrupsioni ne Arsim &#8211; Veillimi II: Imuniteti i Humbur i Sistemit dhe Mekanizmat e Sherimit Institucional<\/b><\/span><\/a><\/p>\n<p>[\/vc_column_text][\/vc_column][vc_column width=&#8221;1\/3&#8243;][vc_single_image image=&#8221;4892&#8243; img_size=&#8221;809&#215;1035&#8243; alignment=&#8221;center&#8221; style=&#8221;vc_box_outline&#8221; border_color=&#8221;green&#8221; onclick=&#8221;custom_link&#8221; css=&#8221;&#8221; image_hovers=&#8221;false&#8221; link=&#8221;https:\/\/altri.al\/wp-content\/uploads\/2025\/12\/Artikull-studenti-Joni-Kola-1-2.pdf&#8221;][vc_column_text css=&#8221;.vc_custom_1765989365661{margin-top: -25px !important;}&#8221;]<\/p>\n<p style=\"text-align: center;\"><a style=\"text-decoration: none;\" href=\"https:\/\/altri.al\/wp-content\/uploads\/2025\/12\/Artikull-studenti-Joni-Kola-1-2.pdf\"><span style=\"color: #2d7f30;\"><strong>Qasja Juridike e Korrupsionit n\u00eb Sektorin e Arsimit t\u00eb<br \/>\nLart\u00eb dhe Mekanizmat Mbrojt\u00ebs t\u00eb Student\u00ebve n\u00eb<br \/>\nParandalimin e tij.<\/strong><\/span><\/a><\/p>\n<p>[\/vc_column_text][\/vc_column][\/vc_row][vc_row][vc_column width=&#8221;1\/2&#8243;][vc_single_image image=&#8221;4576&#8243; img_size=&#8221;full&#8221; alignment=&#8221;center&#8221; style=&#8221;vc_box_outline&#8221; border_color=&#8221;green&#8221; onclick=&#8221;custom_link&#8221; image_hovers=&#8221;false&#8221; link=&#8221;\/index.php\/sot-vendos-edhe-une\/&#8221;][vc_column_text css=&#8221;.vc_custom_1707408384918{margin-top: -25px !important;}&#8221;]<\/p>\n<p style=\"text-align: center;\"><a href=\"\/wp-content\/uploads\/2024\/02\/Korrupsioni-dhe-situata-aktuale-ne-Shqiperi.pdf\"><span style=\"color: #2d7f30;\"><strong>Korrupsioni dhe situata aktuale ne Shqiperi<\/strong><\/span><\/a><\/p>\n<p>[\/vc_column_text][\/vc_column][vc_column width=&#8221;1\/2&#8243;][vc_single_image image=&#8221;4582&#8243; img_size=&#8221;809&#215;1035&#8243; alignment=&#8221;center&#8221; style=&#8221;vc_box_outline&#8221; border_color=&#8221;green&#8221; onclick=&#8221;custom_link&#8221; image_hovers=&#8221;false&#8221; link=&#8221;\/index.php\/diskriminimi\/&#8221;][vc_column_text css=&#8221;.vc_custom_1707408557726{margin-top: -25px !important;}&#8221;]<\/p>\n<p style=\"text-align: center;\"><a style=\"text-decoration: none;\" href=\"\/wp-content\/uploads\/2024\/02\/Lufta-kunder-korrupsionit-dhe-sfidat-ne-kuader-te-integrimit-europian.pdf\"><span style=\"color: #2d7f30;\"><strong>Lufta kunder korrupsionit dhe sfidat ne kuader te integrimit europian<\/strong><\/span><\/a><\/p>\n<p>[\/vc_column_text][\/vc_column][\/vc_row][vc_row][vc_column width=&#8221;1\/2&#8243;][vc_single_image image=&#8221;4591&#8243; img_size=&#8221;809&#215;1008&#8243; alignment=&#8221;center&#8221; style=&#8221;vc_box_outline&#8221; border_color=&#8221;green&#8221; onclick=&#8221;custom_link&#8221; image_hovers=&#8221;false&#8221; link=&#8221;\/index.php\/sot-vendos-edhe-une\/&#8221;][vc_column_text css=&#8221;.vc_custom_1707408684905{margin-top: -25px !important;}&#8221;]<\/p>\n<p style=\"text-align: center;\"><a href=\"\/wp-content\/uploads\/2024\/02\/Pasqyra-e-krisur-e-rolit-mediatik-mbi-plagen-malinje-te-korrupsionit.pdf\"><span style=\"color: #2d7f30;\"><strong>Pasqyra e krisur e rolit mediatik mbi plag\u00ebn malinje t\u00eb korrupsionit<\/strong><\/span><\/a><\/p>\n<p>[\/vc_column_text][\/vc_column][vc_column width=&#8221;1\/2&#8243;][vc_single_image image=&#8221;4597&#8243; img_size=&#8221;809&#215;1035&#8243; alignment=&#8221;center&#8221; style=&#8221;vc_box_outline&#8221; border_color=&#8221;green&#8221; onclick=&#8221;custom_link&#8221; image_hovers=&#8221;false&#8221; link=&#8221;\/index.php\/diskriminimi\/&#8221;][vc_column_text css=&#8221;.vc_custom_1707408896799{margin-top: -25px !important;}&#8221;]<\/p>\n<p style=\"text-align: center;\"><a style=\"text-decoration: none;\" href=\"\/wp-content\/uploads\/2024\/02\/Roli-i-Shoqerise-Civile-ne-luften-kunder-korrupsionit.pdf\"><span style=\"color: #2d7f30;\"><strong>Roli i Shoqerise Civile ne luften kund\u00ebr korrupsionit<\/strong><\/span><\/a><\/p>\n<p>[\/vc_column_text][\/vc_column][\/vc_row]<\/p>\n<\/div>","protected":false},"excerpt":{"rendered":"<p>[vc_row][vc_column width=&#8221;1\/3&#8243; offset=&#8221;vc_hidden-lg vc_hidden-md vc_hidden-sm vc_hidden-xs&#8221;][vc_single_image image=&#8221;4711&#8243; img_size=&#8221;full&#8221; alignment=&#8221;center&#8221; style=&#8221;vc_box_outline&#8221; border_color=&#8221;green&#8221; onclick=&#8221;custom_link&#8221; image_hovers=&#8221;false&#8221; link=&#8221;\/wp-content\/uploads\/2024\/11\/Artikull-nga-Kamila-Seidolli.pdf&#8221;][vc_column_text css=&#8221;.vc_custom_1732701945901{margin-top: -25px !important;}&#8221;] Korrupsioni n\u00eb Arsim: Nj\u00eb s\u00ebmundje patogjene p\u00ebr shoq\u00ebrin\u00eb [\/vc_column_text][\/vc_column][vc_column width=&#8221;1\/3&#8243; offset=&#8221;vc_hidden-lg vc_hidden-md vc_hidden-sm vc_hidden-xs&#8221;][vc_single_image image=&#8221;4718&#8243; img_size=&#8221;full&#8221; alignment=&#8221;center&#8221; style=&#8221;vc_box_outline&#8221; border_color=&#8221;green&#8221; onclick=&#8221;custom_link&#8221; image_hovers=&#8221;false&#8221; link=&#8221;https:\/\/altri.al\/wp-content\/uploads\/2024\/11\/Artikull-nga-Klea-Vujoshi.pdf&#8221;][vc_column_text css=&#8221;.vc_custom_1732701961677{margin-top: -25px !important;}&#8221;] Arsimi i lart\u00eb n\u00ebn hijen e korrupsionit [\/vc_column_text][\/vc_column][vc_column width=&#8221;1\/3&#8243; offset=&#8221;vc_hidden-lg vc_hidden-md vc_hidden-sm vc_hidden-xs&#8221;][vc_single_image&hellip;<\/p>\n","protected":false},"author":3,"featured_media":0,"parent":0,"menu_order":0,"comment_status":"closed","ping_status":"closed","template":"","meta":{"footnotes":""},"class_list":["post-4573","page","type-page","status-publish","hentry","description-off"],"_links":{"self":[{"href":"https:\/\/altri.al\/index.php\/wp-json\/wp\/v2\/pages\/4573","targetHints":{"allow":["GET"]}}],"collection":[{"href":"https:\/\/altri.al\/index.php\/wp-json\/wp\/v2\/pages"}],"about":[{"href":"https:\/\/altri.al\/index.php\/wp-json\/wp\/v2\/types\/page"}],"author":[{"embeddable":true,"href":"https:\/\/altri.al\/index.php\/wp-json\/wp\/v2\/users\/3"}],"replies":[{"embeddable":true,"href":"https:\/\/altri.al\/index.php\/wp-json\/wp\/v2\/comments?post=4573"}],"version-history":[{"count":17,"href":"https:\/\/altri.al\/index.php\/wp-json\/wp\/v2\/pages\/4573\/revisions"}],"predecessor-version":[{"id":4896,"href":"https:\/\/altri.al\/index.php\/wp-json\/wp\/v2\/pages\/4573\/revisions\/4896"}],"wp:attachment":[{"href":"https:\/\/altri.al\/index.php\/wp-json\/wp\/v2\/media?parent=4573"}],"curies":[{"name":"wp","href":"https:\/\/api.w.org\/{rel}","templated":true}]}}