{"id":4527,"date":"2024-04-24T08:31:18","date_gmt":"2024-04-24T08:31:18","guid":{"rendered":"https:\/\/altri.al\/?page_id=4527"},"modified":"2024-09-26T15:34:57","modified_gmt":"2024-09-26T15:34:57","slug":"shoqeria-civile-kunder-korrupsionit-nga-nje-sfide-vendase-ne-nje-pergjigje-evropiane","status":"publish","type":"page","link":"https:\/\/altri.al\/index.php\/shoqeria-civile-kunder-korrupsionit-nga-nje-sfide-vendase-ne-nje-pergjigje-evropiane\/","title":{"rendered":"Shoqeria civile kunder korrupsionit &#8211; nga nje sfide vendase ne nje pergjigje Evropiane!"},"content":{"rendered":"<div class=\"wpb-content-wrapper\"><p>[vc_row][vc_column width=&#8221;1\/2&#8243;][vc_column_text]<\/p>\n<h4><strong>Metodologjia e Matjes Periodike t\u00eb Perceptimit Publik dhe P\u00ebrvojave mbi Korrupsionin<\/strong><\/h4>\n<p>N\u00eb kuad\u00ebr t\u00eb zbatimit t\u00eb iniciativ\u00ebs \u201cShoq\u00ebria civile kund\u00ebr korrupsionit &#8211; nga nj\u00eb sfid\u00eb vendase n\u00eb nj\u00eb p\u00ebrgjigje Evropiane!\u201d, Qendra ALTRI ka realizuar \u201cMetodologjin\u00eb e matjes periodike t\u00eb perceptimit publik dhe p\u00ebrvojave mbi korrupsionin\u201d.<br \/>\nQ\u00ebllimi i metodologjis\u00eb \u00ebsht\u00eb hartimi i metodave t\u00eb matjes n\u00eb m\u00ebnyr\u00eb sistematike t\u00eb perceptimit publik mbi nivelin e korrupsionit me q\u00ebllim vler\u00ebsimin e efikasitetit t\u00eb politikave dhe reformave t\u00eb nd\u00ebrmarra nga k\u00ebndv\u00ebshtrimi i pritshm\u00ebris\u00eb s\u00eb publikut.<br \/>\nObjektivat e synuara nga metodologjia jan\u00eb:<br \/>\n1. Udh\u00ebzimi i metodave dhe mjeteve p\u00ebr mbledhjen e t\u00eb dh\u00ebnave mbi perceptimin dhe p\u00ebrvoj\u00ebn e individ\u00ebve mbi korrupsionin n\u00eb vend si dhe mbi efektivitetin e politikave komb\u00ebtare, masave t\u00eb nd\u00ebrmarra dhe institucioneve dhe mekanizmave kund\u00ebr korrupsionit;<br \/>\n2. T\u00eb vler\u00ebsoj\u00eb perceptimin e qytetar\u00ebve mbi nivelin e korrupsionit n\u00eb vend dhe efektivitetin e politikave komb\u00ebtare, masave dhe mekanizmave kund\u00ebr korrupsionit.<br \/>\n3. T\u00eb krijoj\u00eb bazat p\u00ebr identifikimin e nevojave p\u00ebr p\u00ebrmir\u00ebsimin e politikave, masave, dhe mekanizmave kund\u00ebr korrupsionit, n\u00eb var\u00ebsi t\u00eb konkluzioneve t\u00eb identifikuara nga matja e perceptimit publik dhe p\u00ebrvojave.<\/p>\n<p>Dy dokument eshte ne proces konsultimi me Drejtorine e Pergjithshme Antikorrupsion, Ministri i Shtetit per Administraten Publike dhe Antikorrupsionin.<\/p>\n<div id=\"gtx-trans\" style=\"position: absolute; left: 1px; top: 396.219px;\">\n<div class=\"gtx-trans-icon\"><\/div>\n<\/div>\n<p>[\/vc_column_text][\/vc_column][vc_column width=&#8221;1\/2&#8243;][vc_column_text]<div class=\"_df_book df-lite\" id=\"df_4658\"  _slug=\"metodologjia\" data-title=\"metodologjia\" wpoptions=\"true\" thumbtype=\"\" ><\/div><script class=\"df-shortcode-script\" nowprocket type=\"application\/javascript\">window.option_df_4658 = {\"outline\":[],\"autoEnableOutline\":\"false\",\"autoEnableThumbnail\":\"false\",\"overwritePDFOutline\":\"false\",\"direction\":\"1\",\"pageSize\":\"0\",\"source\":\"https:\\\/\\\/altri.al\\\/wp-content\\\/uploads\\\/2024\\\/09\\\/Draft-Metodologjia-mbi-matjen-e-perceptimit-te-publikut-Version-ne-konsultim-me-MAPA.pdf\",\"wpOptions\":\"true\"}; if(window.DFLIP && window.DFLIP.parseBooks){window.DFLIP.parseBooks();}<\/script>[\/vc_column_text]<div class=\"aio-icon-component    style_1\"><a class=\"aio-icon-box-link\" href=\"\/wp-content\/uploads\/2024\/09\/Draft-Metodologjia-mbi-matjen-e-perceptimit-te-publikut-Version-ne-konsultim-me-MAPA.pdf\" target=\"_blank\" rel=\"noopener\" ><div id=\"Info-box-wrap-8335\" class=\"aio-icon-box default-icon\" style=\"\"  ><div class=\"aio-icon-default\"><div class=\"ult-just-icon-wrapper  \"><div class=\"align-icon\" style=\"text-align:center;\">\n<div class=\"aio-icon-img \" style=\"font-size:45px;display:inline-block;\" >\n\t<img decoding=\"async\" class=\"img-icon\" alt=\"null\" src=\"https:\/\/altri.al\/wp-content\/uploads\/2020\/06\/pdf-1.jpg\"\/>\n<\/div><\/div><\/div><\/div><div class=\"aio-icon-header\" ><h3 class=\"aio-icon-title ult-responsive\"  data-ultimate-target='#Info-box-wrap-8335 .aio-icon-title'  data-responsive-json-new='{\"font-size\":\"\",\"line-height\":\"\"}'  style=\"\">Shkarko Dokumentin<\/h3><\/div> <!-- header --><\/div> <!-- aio-icon-box --><\/a><\/div> <!-- aio-icon-component -->[\/vc_column][\/vc_row][vc_row][vc_column][\/vc_column][\/vc_row][vc_row][vc_column][vc_column_text]<div class=\"_df_book df-lite\" id=\"df_4540\"  _slug=\"shoqeria\" data-title=\"shoqeria\" wpoptions=\"true\" thumbtype=\"\" ><\/div><script class=\"df-shortcode-script\" nowprocket type=\"application\/javascript\">window.option_df_4540 = {\"outline\":[],\"autoEnableOutline\":\"false\",\"autoEnableThumbnail\":\"false\",\"overwritePDFOutline\":\"false\",\"direction\":\"1\",\"pageSize\":\"0\",\"source\":\"https:\\\/\\\/altri.al\\\/wp-content\\\/uploads\\\/2023\\\/05\\\/Leaflet_2.pdf\",\"wpOptions\":\"true\"}; if(window.DFLIP && window.DFLIP.parseBooks){window.DFLIP.parseBooks();}<\/script>[\/vc_column_text][\/vc_column][\/vc_row][vc_row][vc_column][vc_video link=&#8221;https:\/\/www.youtube.com\/watch?v=yFxCiN2e48o&#8221; align=&#8221;center&#8221;][\/vc_column][\/vc_row]<\/p>\n<\/div>","protected":false},"excerpt":{"rendered":"<p>[vc_row][vc_column width=&#8221;1\/2&#8243;][vc_column_text] Metodologjia e Matjes Periodike t\u00eb Perceptimit Publik dhe P\u00ebrvojave mbi Korrupsionin N\u00eb kuad\u00ebr t\u00eb zbatimit t\u00eb iniciativ\u00ebs \u201cShoq\u00ebria civile kund\u00ebr korrupsionit &#8211; nga nj\u00eb sfid\u00eb vendase n\u00eb nj\u00eb p\u00ebrgjigje Evropiane!\u201d, Qendra ALTRI ka realizuar \u201cMetodologjin\u00eb e matjes periodike t\u00eb perceptimit publik dhe p\u00ebrvojave mbi korrupsionin\u201d. Q\u00ebllimi i metodologjis\u00eb \u00ebsht\u00eb hartimi i metodave t\u00eb&hellip;<\/p>\n","protected":false},"author":3,"featured_media":0,"parent":0,"menu_order":0,"comment_status":"closed","ping_status":"closed","template":"","meta":{"footnotes":""},"class_list":["post-4527","page","type-page","status-publish","hentry","description-off"],"_links":{"self":[{"href":"https:\/\/altri.al\/index.php\/wp-json\/wp\/v2\/pages\/4527","targetHints":{"allow":["GET"]}}],"collection":[{"href":"https:\/\/altri.al\/index.php\/wp-json\/wp\/v2\/pages"}],"about":[{"href":"https:\/\/altri.al\/index.php\/wp-json\/wp\/v2\/types\/page"}],"author":[{"embeddable":true,"href":"https:\/\/altri.al\/index.php\/wp-json\/wp\/v2\/users\/3"}],"replies":[{"embeddable":true,"href":"https:\/\/altri.al\/index.php\/wp-json\/wp\/v2\/comments?post=4527"}],"version-history":[{"count":7,"href":"https:\/\/altri.al\/index.php\/wp-json\/wp\/v2\/pages\/4527\/revisions"}],"predecessor-version":[{"id":4539,"href":"https:\/\/altri.al\/index.php\/wp-json\/wp\/v2\/pages\/4527\/revisions\/4539"}],"wp:attachment":[{"href":"https:\/\/altri.al\/index.php\/wp-json\/wp\/v2\/media?parent=4527"}],"curies":[{"name":"wp","href":"https:\/\/api.w.org\/{rel}","templated":true}]}}