{"id":4473,"date":"2022-10-03T07:42:49","date_gmt":"2022-10-03T07:42:49","guid":{"rendered":"https:\/\/altri.al\/index.php\/botime\/"},"modified":"2022-11-01T09:42:03","modified_gmt":"2022-11-01T09:42:03","slug":"publications","status":"publish","type":"page","link":"https:\/\/altri.al\/index.php\/publications\/?lang=en","title":{"rendered":"Publications"},"content":{"rendered":"<div class=\"wpb-content-wrapper\"><p>[vc_row][vc_column width=&#8221;1\/3&#8243;]<div class=\"ult-content-box-container \" >\t\t<div class=\"ult-content-box\" style=\"box-shadow: px px px px none;-webkit-transition: all 700ms ease;-moz-transition: all 700ms ease;-ms-transition: all 700ms ease;-o-transition: all 700ms ease;transition: all 700ms ease;\"  data-hover_box_shadow=\"none\"    >[vc_single_image image=&#8221;4468&#8243; img_size=&#8221;full&#8221; alignment=&#8221;center&#8221; style=&#8221;vc_box_outline&#8221; border_color=&#8221;green&#8221; onclick=&#8221;custom_link&#8221; image_hovers=&#8221;false&#8221; link=&#8221;\/wp-content\/uploads\/2022\/10\/Studim_Ceshtjet-gjyqesore-penale-dhe-civile-me-pale-gazetare-dhe-perfaqesues-te-medias_ALTRI.pdf&#8221;][vc_column_text css=&#8221;.vc_custom_1664782963330{margin-top: -25px !important;}&#8221;]<\/p>\n<p style=\"text-align: center;\"><a style=\"text-decoration: none;\" href=\"\/wp-content\/uploads\/2022\/10\/Studim_Ceshtjet-gjyqesore-penale-dhe-civile-me-pale-gazetare-dhe-perfaqesues-te-medias_ALTRI.pdf\"><span style=\"color: #2d7f30;\"><strong>Studim- Ceshtjet gjyqesore penale dhe civile me pale gazetare dhe perfaqesues te medias ALTRI <\/strong><\/span><\/a><\/p>\n<p>[\/vc_column_text]\t\t<\/div><\/div>[\/vc_column][vc_column width=&#8221;1\/3&#8243;]<div class=\"ult-content-box-container \" >\t\t<div class=\"ult-content-box\" style=\"box-shadow: px px px px none;-webkit-transition: all 700ms ease;-moz-transition: all 700ms ease;-ms-transition: all 700ms ease;-o-transition: all 700ms ease;transition: all 700ms ease;\"  data-hover_box_shadow=\"none\"    >[vc_single_image image=&#8221;4468&#8243; img_size=&#8221;full&#8221; alignment=&#8221;center&#8221; style=&#8221;vc_box_outline&#8221; border_color=&#8221;green&#8221; onclick=&#8221;custom_link&#8221; image_hovers=&#8221;false&#8221; link=&#8221;\/wp-content\/uploads\/2022\/10\/1-Studim-ALTRI-E-plote-Versioni-Online-1.pdf&#8221;][vc_column_text css=&#8221;.vc_custom_1666356798095{margin-top: -25px !important;}&#8221;]<\/p>\n<p style=\"text-align: center;\"><a style=\"text-decoration: none;\" href=\"\/wp-content\/uploads\/2022\/10\/1-Studim-ALTRI-E-plote-Versioni-Online-1.pdf\"><span style=\"color: #2d7f30;\"><strong>Studim- ALTRI<\/strong><\/span><\/a><\/p>\n<p>[\/vc_column_text]\t\t<\/div><\/div>[\/vc_column][vc_column width=&#8221;1\/3&#8243;]<div class=\"ult-content-box-container \" >\t\t<div class=\"ult-content-box\" style=\"box-shadow: px px px px none;-webkit-transition: all 700ms ease;-moz-transition: all 700ms ease;-ms-transition: all 700ms ease;-o-transition: all 700ms ease;transition: all 700ms ease;\"  data-hover_box_shadow=\"none\"    >[vc_single_image image=&#8221;4485&#8243; img_size=&#8221;full&#8221; alignment=&#8221;center&#8221; style=&#8221;vc_box_outline&#8221; border_color=&#8221;green&#8221; onclick=&#8221;custom_link&#8221; image_hovers=&#8221;false&#8221; link=&#8221;\/wp-content\/uploads\/2022\/11\/Judicial-self-governance-in-Albania_B5.pdf&#8221;][vc_column_text css=&#8221;.vc_custom_1667292976359{margin-top: -25px !important;}&#8221;]<\/p>\n<p style=\"text-align: center;\"><a style=\"text-decoration: none;\" href=\"\/wp-content\/uploads\/2022\/10\/1-Studim-ALTRI-E-plote-Versioni-Online-1.pdf\"><span style=\"color: #2d7f30;\"><strong>Judicial Self Governance in Albania<\/strong><\/span><\/a><\/p>\n<p>[\/vc_column_text]\t\t<\/div><\/div>[\/vc_column][\/vc_row][vc_row][vc_column width=&#8221;1\/3&#8243;]<div class=\"ult-content-box-container \" >\t\t<div class=\"ult-content-box\" style=\"box-shadow: px px px px none;-webkit-transition: all 700ms ease;-moz-transition: all 700ms ease;-ms-transition: all 700ms ease;-o-transition: all 700ms ease;transition: all 700ms ease;\"  data-hover_box_shadow=\"none\"    >[vc_single_image image=&#8221;4489&#8243; img_size=&#8221;full&#8221; alignment=&#8221;center&#8221; style=&#8221;vc_box_outline&#8221; border_color=&#8221;green&#8221; onclick=&#8221;custom_link&#8221; image_hovers=&#8221;false&#8221; link=&#8221;\/wp-content\/uploads\/2022\/11\/Judicial-Culture-and-the-Role-of-Judges-in-Developing-the-Law-in-in-Albania.pdf&#8221;][vc_column_text css=&#8221;.vc_custom_1667293636645{margin-top: -25px !important;}&#8221;]<\/p>\n<p style=\"text-align: center;\"><a style=\"text-decoration: none;\" href=\"\/wp-content\/uploads\/2022\/11\/Judicial-Culture-and-the-Role-of-Judges-in-Developing-the-Law-in-in-Albania.pdf\"><span style=\"color: #2d7f30;\"><strong>Judicial Culture and the Role of Judges in Developing the Law in in Albania <\/strong><\/span><\/a><\/p>\n<p>[\/vc_column_text]\t\t<\/div><\/div>[\/vc_column][vc_column width=&#8221;1\/3&#8243;]<div class=\"ult-content-box-container \" >\t\t<div class=\"ult-content-box\" style=\"box-shadow: px px px px none;-webkit-transition: all 700ms ease;-moz-transition: all 700ms ease;-ms-transition: all 700ms ease;-o-transition: all 700ms ease;transition: all 700ms ease;\"  data-hover_box_shadow=\"none\"    >[vc_single_image image=&#8221;4493&#8243; img_size=&#8221;full&#8221; alignment=&#8221;center&#8221; style=&#8221;vc_box_outline&#8221; border_color=&#8221;green&#8221; onclick=&#8221;custom_link&#8221; image_hovers=&#8221;false&#8221; link=&#8221;\/wp-content\/uploads\/2022\/11\/The-Role-of-the-High-Court-in-the-Uniform-Application-of-the-Law-in-Albania.pdf&#8221;][vc_column_text css=&#8221;.vc_custom_1667293367078{margin-top: -25px !important;}&#8221;]<\/p>\n<p style=\"text-align: center;\"><a style=\"text-decoration: none;\" href=\"\/wp-content\/uploads\/2022\/11\/The-Role-of-the-High-Court-in-the-Uniform-Application-of-the-Law-in-Albania.pdf\"><span style=\"color: #2d7f30;\"><strong>The Role of the High Court in the Uniform Application of the Law in Albania<\/strong><\/span><\/a><\/p>\n<p>[\/vc_column_text]\t\t<\/div><\/div>[\/vc_column][vc_column width=&#8221;1\/3&#8243;]<div class=\"ult-content-box-container \" >\t\t<div class=\"ult-content-box\" style=\"box-shadow: px px px px none;-webkit-transition: all 700ms ease;-moz-transition: all 700ms ease;-ms-transition: all 700ms ease;-o-transition: all 700ms ease;transition: all 700ms ease;\"  data-hover_box_shadow=\"none\"    >[vc_single_image image=&#8221;4499&#8243; img_size=&#8221;full&#8221; alignment=&#8221;center&#8221; style=&#8221;vc_box_outline&#8221; border_color=&#8221;green&#8221; onclick=&#8221;custom_link&#8221; image_hovers=&#8221;false&#8221; link=&#8221;\/wp-content\/uploads\/2022\/11\/Vleresimi-i-vendimeve-te-institucioneve-te-vettingut&#8230;27-10-2022.pdf&#8221;][vc_column_text css=&#8221;.vc_custom_1667293554915{margin-top: -25px !important;}&#8221;]<\/p>\n<p style=\"text-align: center;\"><a style=\"text-decoration: none;\" href=\"\/wp-content\/uploads\/2022\/11\/Vleresimi-i-vendimeve-te-institucioneve-te-vettingut...27-10-2022.pdf\"><span style=\"color: #2d7f30;\"><strong>Vler\u00ebsimi i vendimeve t\u00eb Institucioneve t\u00eb Vettingut<\/strong><\/span><\/a><\/p>\n<p>[\/vc_column_text]\t\t<\/div><\/div>[\/vc_column][\/vc_row]<\/p>\n<\/div>","protected":false},"excerpt":{"rendered":"<p>[vc_row][vc_column width=&#8221;1\/3&#8243;][\/vc_column][vc_column width=&#8221;1\/3&#8243;][\/vc_column][vc_column width=&#8221;1\/3&#8243;][\/vc_column][\/vc_row][vc_row][vc_column width=&#8221;1\/3&#8243;][\/vc_column][vc_column width=&#8221;1\/3&#8243;][\/vc_column][vc_column width=&#8221;1\/3&#8243;][\/vc_column][\/vc_row]<\/p>\n","protected":false},"author":3,"featured_media":0,"parent":0,"menu_order":0,"comment_status":"closed","ping_status":"closed","template":"","meta":{"footnotes":""},"class_list":["post-4473","page","type-page","status-publish","hentry","description-off"],"_links":{"self":[{"href":"https:\/\/altri.al\/index.php\/wp-json\/wp\/v2\/pages\/4473","targetHints":{"allow":["GET"]}}],"collection":[{"href":"https:\/\/altri.al\/index.php\/wp-json\/wp\/v2\/pages"}],"about":[{"href":"https:\/\/altri.al\/index.php\/wp-json\/wp\/v2\/types\/page"}],"author":[{"embeddable":true,"href":"https:\/\/altri.al\/index.php\/wp-json\/wp\/v2\/users\/3"}],"replies":[{"embeddable":true,"href":"https:\/\/altri.al\/index.php\/wp-json\/wp\/v2\/comments?post=4473"}],"version-history":[{"count":2,"href":"https:\/\/altri.al\/index.php\/wp-json\/wp\/v2\/pages\/4473\/revisions"}],"predecessor-version":[{"id":4507,"href":"https:\/\/altri.al\/index.php\/wp-json\/wp\/v2\/pages\/4473\/revisions\/4507"}],"wp:attachment":[{"href":"https:\/\/altri.al\/index.php\/wp-json\/wp\/v2\/media?parent=4473"}],"curies":[{"name":"wp","href":"https:\/\/api.w.org\/{rel}","templated":true}]}}