{"id":4272,"date":"2021-07-12T14:29:20","date_gmt":"2021-07-12T14:29:20","guid":{"rendered":"https:\/\/altri.al\/?page_id=4272"},"modified":"2021-08-03T12:42:18","modified_gmt":"2021-08-03T12:42:18","slug":"video","status":"publish","type":"page","link":"https:\/\/altri.al\/index.php\/video\/","title":{"rendered":"Video"},"content":{"rendered":"<div class=\"wpb-content-wrapper\"><p>[vc_row][vc_column width=&#8221;1\/2&#8243;][vc_video link=&#8221;https:\/\/www.youtube.com\/watch?v=_A1_Xb0r-Cs&#8221; align=&#8221;center&#8221;][vc_column_text css=&#8221;.vc_custom_1627994503350{margin-top: -40px !important;border-right-width: 4px !important;border-bottom-width: 4px !important;padding-top: 30px !important;padding-right: 30px !important;padding-bottom: 20px !important;padding-left: 30px !important;background-color: #f9f9f9 !important;border-right-color: rgba(237,237,237,0.19) !important;border-right-style: outset !important;border-bottom-color: rgba(237,237,237,0.19) !important;border-bottom-style: outset !important;border-radius: 4px !important;}&#8221;]<\/p>\n<p style=\"text-align: center;\"><span style=\"color: #000000;\">T\u00eb miturit viktim\u00eb ose d\u00ebshmitar\u00eb t\u00eb vepr\u00ebs penale<\/span><\/p>\n<p>[\/vc_column_text][\/vc_column][vc_column width=&#8221;1\/2&#8243;][vc_video link=&#8221;https:\/\/www.youtube.com\/watch?v=GO3Dsi5cKsY&#8221; align=&#8221;center&#8221;][vc_column_text css=&#8221;.vc_custom_1627994509836{margin-top: -40px !important;border-right-width: 4px !important;border-bottom-width: 4px !important;padding-top: 30px !important;padding-right: 30px !important;padding-bottom: 20px !important;padding-left: 30px !important;background-color: #f9f9f9 !important;border-right-color: rgba(237,237,237,0.19) !important;border-right-style: outset !important;border-bottom-color: rgba(237,237,237,0.19) !important;border-bottom-style: outset !important;border-radius: 4px !important;}&#8221;]<\/p>\n<p style=\"text-align: center;\"><span style=\"color: #000000;\">Video te drejtat e te miturit ne konflikt me ligjin<\/span><\/p>\n<p>[\/vc_column_text][\/vc_column][\/vc_row]<\/p>\n<\/div>","protected":false},"excerpt":{"rendered":"<p>[vc_row][vc_column width=&#8221;1\/2&#8243;][vc_video link=&#8221;https:\/\/www.youtube.com\/watch?v=_A1_Xb0r-Cs&#8221; align=&#8221;center&#8221;][vc_column_text css=&#8221;.vc_custom_1627994503350{margin-top: -40px !important;border-right-width: 4px !important;border-bottom-width: 4px !important;padding-top: 30px !important;padding-right: 30px !important;padding-bottom: 20px !important;padding-left: 30px !important;background-color: #f9f9f9 !important;border-right-color: rgba(237,237,237,0.19) !important;border-right-style: outset !important;border-bottom-color: rgba(237,237,237,0.19) !important;border-bottom-style: outset !important;border-radius: 4px !important;}&#8221;] T\u00eb miturit viktim\u00eb ose d\u00ebshmitar\u00eb t\u00eb vepr\u00ebs penale [\/vc_column_text][\/vc_column][vc_column width=&#8221;1\/2&#8243;][vc_video link=&#8221;https:\/\/www.youtube.com\/watch?v=GO3Dsi5cKsY&#8221; align=&#8221;center&#8221;][vc_column_text css=&#8221;.vc_custom_1627994509836{margin-top: -40px !important;border-right-width: 4px !important;border-bottom-width: 4px !important;padding-top: 30px !important;padding-right: 30px !important;padding-bottom: 20px&hellip;<\/p>\n","protected":false},"author":3,"featured_media":0,"parent":0,"menu_order":0,"comment_status":"closed","ping_status":"closed","template":"","meta":{"footnotes":""},"class_list":["post-4272","page","type-page","status-publish","hentry","description-off"],"_links":{"self":[{"href":"https:\/\/altri.al\/index.php\/wp-json\/wp\/v2\/pages\/4272","targetHints":{"allow":["GET"]}}],"collection":[{"href":"https:\/\/altri.al\/index.php\/wp-json\/wp\/v2\/pages"}],"about":[{"href":"https:\/\/altri.al\/index.php\/wp-json\/wp\/v2\/types\/page"}],"author":[{"embeddable":true,"href":"https:\/\/altri.al\/index.php\/wp-json\/wp\/v2\/users\/3"}],"replies":[{"embeddable":true,"href":"https:\/\/altri.al\/index.php\/wp-json\/wp\/v2\/comments?post=4272"}],"version-history":[{"count":4,"href":"https:\/\/altri.al\/index.php\/wp-json\/wp\/v2\/pages\/4272\/revisions"}],"predecessor-version":[{"id":4323,"href":"https:\/\/altri.al\/index.php\/wp-json\/wp\/v2\/pages\/4272\/revisions\/4323"}],"wp:attachment":[{"href":"https:\/\/altri.al\/index.php\/wp-json\/wp\/v2\/media?parent=4272"}],"curies":[{"name":"wp","href":"https:\/\/api.w.org\/{rel}","templated":true}]}}